{"id":14,"date":"2024-03-24T11:11:53","date_gmt":"2024-03-24T10:11:53","guid":{"rendered":"https:\/\/relax.new-page.pl\/?page_id=14"},"modified":"2026-01-27T07:12:42","modified_gmt":"2026-01-27T06:12:42","slug":"oferta","status":"publish","type":"page","link":"https:\/\/relaks-noclegi.pl\/?page_id=14","title":{"rendered":"Oferta"},"content":{"rendered":"\t\t<div data-elementor-type=\"wp-page\" data-elementor-id=\"14\" class=\"elementor elementor-14\" data-elementor-post-type=\"page\">\n\t\t\t\t\t\t<section class=\"elementor-section elementor-top-section elementor-element elementor-element-213bb6ed elementor-section-content-middle elementor-section-boxed elementor-section-height-default elementor-section-height-default\" data-id=\"213bb6ed\" data-element_type=\"section\" data-settings=\"{&quot;background_background&quot;:&quot;classic&quot;}\">\n\t\t\t\t\t\t<div class=\"elementor-container elementor-column-gap-no\">\n\t\t\t\t\t<div class=\"elementor-column elementor-col-50 elementor-top-column elementor-element elementor-element-68ecaa09\" data-id=\"68ecaa09\" data-element_type=\"column\" data-settings=\"{&quot;background_background&quot;:&quot;classic&quot;}\">\n\t\t\t<div class=\"elementor-widget-wrap elementor-element-populated\">\n\t\t\t\t\t\t<section class=\"elementor-section elementor-inner-section elementor-element elementor-element-4cb2fc01 elementor-section-boxed elementor-section-height-default elementor-section-height-default\" data-id=\"4cb2fc01\" data-element_type=\"section\">\n\t\t\t\t\t\t<div class=\"elementor-container elementor-column-gap-default\">\n\t\t\t\t\t<div class=\"elementor-column elementor-col-33 elementor-inner-column elementor-element elementor-element-6161c723\" data-id=\"6161c723\" data-element_type=\"column\">\n\t\t\t<div class=\"elementor-widget-wrap elementor-element-populated\">\n\t\t\t\t\t\t<div class=\"elementor-element elementor-element-32e0c740 elementor-widget-divider--view-line elementor-widget elementor-widget-divider\" data-id=\"32e0c740\" data-element_type=\"widget\" data-widget_type=\"divider.default\">\n\t\t\t\t<div class=\"elementor-widget-container\">\n\t\t\t<style>\/*! elementor - v3.20.0 - 20-03-2024 *\/\n.elementor-widget-divider{--divider-border-style:none;--divider-border-width:1px;--divider-color:#0c0d0e;--divider-icon-size:20px;--divider-element-spacing:10px;--divider-pattern-height:24px;--divider-pattern-size:20px;--divider-pattern-url:none;--divider-pattern-repeat:repeat-x}.elementor-widget-divider .elementor-divider{display:flex}.elementor-widget-divider .elementor-divider__text{font-size:15px;line-height:1;max-width:95%}.elementor-widget-divider .elementor-divider__element{margin:0 var(--divider-element-spacing);flex-shrink:0}.elementor-widget-divider .elementor-icon{font-size:var(--divider-icon-size)}.elementor-widget-divider .elementor-divider-separator{display:flex;margin:0;direction:ltr}.elementor-widget-divider--view-line_icon .elementor-divider-separator,.elementor-widget-divider--view-line_text .elementor-divider-separator{align-items:center}.elementor-widget-divider--view-line_icon .elementor-divider-separator:after,.elementor-widget-divider--view-line_icon .elementor-divider-separator:before,.elementor-widget-divider--view-line_text .elementor-divider-separator:after,.elementor-widget-divider--view-line_text .elementor-divider-separator:before{display:block;content:\"\";border-block-end:0;flex-grow:1;border-block-start:var(--divider-border-width) var(--divider-border-style) var(--divider-color)}.elementor-widget-divider--element-align-left .elementor-divider .elementor-divider-separator>.elementor-divider__svg:first-of-type{flex-grow:0;flex-shrink:100}.elementor-widget-divider--element-align-left .elementor-divider-separator:before{content:none}.elementor-widget-divider--element-align-left .elementor-divider__element{margin-left:0}.elementor-widget-divider--element-align-right .elementor-divider .elementor-divider-separator>.elementor-divider__svg:last-of-type{flex-grow:0;flex-shrink:100}.elementor-widget-divider--element-align-right .elementor-divider-separator:after{content:none}.elementor-widget-divider--element-align-right .elementor-divider__element{margin-right:0}.elementor-widget-divider--element-align-start .elementor-divider .elementor-divider-separator>.elementor-divider__svg:first-of-type{flex-grow:0;flex-shrink:100}.elementor-widget-divider--element-align-start .elementor-divider-separator:before{content:none}.elementor-widget-divider--element-align-start .elementor-divider__element{margin-inline-start:0}.elementor-widget-divider--element-align-end .elementor-divider .elementor-divider-separator>.elementor-divider__svg:last-of-type{flex-grow:0;flex-shrink:100}.elementor-widget-divider--element-align-end .elementor-divider-separator:after{content:none}.elementor-widget-divider--element-align-end .elementor-divider__element{margin-inline-end:0}.elementor-widget-divider:not(.elementor-widget-divider--view-line_text):not(.elementor-widget-divider--view-line_icon) .elementor-divider-separator{border-block-start:var(--divider-border-width) var(--divider-border-style) var(--divider-color)}.elementor-widget-divider--separator-type-pattern{--divider-border-style:none}.elementor-widget-divider--separator-type-pattern.elementor-widget-divider--view-line .elementor-divider-separator,.elementor-widget-divider--separator-type-pattern:not(.elementor-widget-divider--view-line) .elementor-divider-separator:after,.elementor-widget-divider--separator-type-pattern:not(.elementor-widget-divider--view-line) .elementor-divider-separator:before,.elementor-widget-divider--separator-type-pattern:not([class*=elementor-widget-divider--view]) .elementor-divider-separator{width:100%;min-height:var(--divider-pattern-height);-webkit-mask-size:var(--divider-pattern-size) 100%;mask-size:var(--divider-pattern-size) 100%;-webkit-mask-repeat:var(--divider-pattern-repeat);mask-repeat:var(--divider-pattern-repeat);background-color:var(--divider-color);-webkit-mask-image:var(--divider-pattern-url);mask-image:var(--divider-pattern-url)}.elementor-widget-divider--no-spacing{--divider-pattern-size:auto}.elementor-widget-divider--bg-round{--divider-pattern-repeat:round}.rtl .elementor-widget-divider .elementor-divider__text{direction:rtl}.e-con-inner>.elementor-widget-divider,.e-con>.elementor-widget-divider{width:var(--container-widget-width,100%);--flex-grow:var(--container-widget-flex-grow)}<\/style>\t\t<div class=\"elementor-divider\">\n\t\t\t<span class=\"elementor-divider-separator\">\n\t\t\t\t\t\t<\/span>\n\t\t<\/div>\n\t\t\t\t<\/div>\n\t\t\t\t<\/div>\n\t\t\t\t\t<\/div>\n\t\t<\/div>\n\t\t\t\t<div class=\"elementor-column elementor-col-33 elementor-inner-column elementor-element elementor-element-4a65f729\" data-id=\"4a65f729\" data-element_type=\"column\">\n\t\t\t<div class=\"elementor-widget-wrap\">\n\t\t\t\t\t\t\t<\/div>\n\t\t<\/div>\n\t\t\t\t<div class=\"elementor-column elementor-col-33 elementor-inner-column elementor-element elementor-element-8fc0b6d\" data-id=\"8fc0b6d\" data-element_type=\"column\">\n\t\t\t<div class=\"elementor-widget-wrap\">\n\t\t\t\t\t\t\t<\/div>\n\t\t<\/div>\n\t\t\t\t\t<\/div>\n\t\t<\/section>\n\t\t\t\t<div class=\"elementor-element elementor-element-b3662fd elementor-widget elementor-widget-heading\" data-id=\"b3662fd\" data-element_type=\"widget\" data-widget_type=\"heading.default\">\n\t\t\t\t<div class=\"elementor-widget-container\">\n\t\t\t<style>\/*! elementor - v3.20.0 - 20-03-2024 *\/\n.elementor-heading-title{padding:0;margin:0;line-height:1}.elementor-widget-heading .elementor-heading-title[class*=elementor-size-]>a{color:inherit;font-size:inherit;line-height:inherit}.elementor-widget-heading .elementor-heading-title.elementor-size-small{font-size:15px}.elementor-widget-heading .elementor-heading-title.elementor-size-medium{font-size:19px}.elementor-widget-heading .elementor-heading-title.elementor-size-large{font-size:29px}.elementor-widget-heading .elementor-heading-title.elementor-size-xl{font-size:39px}.elementor-widget-heading .elementor-heading-title.elementor-size-xxl{font-size:59px}<\/style><h2 class=\"elementor-heading-title elementor-size-default\">SPECJALNA OFERTA DLA FIRM<\/h2>\t\t<\/div>\n\t\t\t\t<\/div>\n\t\t\t\t<div class=\"elementor-element elementor-element-24e537f4 elementor-widget elementor-widget-spacer\" data-id=\"24e537f4\" data-element_type=\"widget\" data-widget_type=\"spacer.default\">\n\t\t\t\t<div class=\"elementor-widget-container\">\n\t\t\t<style>\/*! elementor - v3.20.0 - 20-03-2024 *\/\n.elementor-column .elementor-spacer-inner{height:var(--spacer-size)}.e-con{--container-widget-width:100%}.e-con-inner>.elementor-widget-spacer,.e-con>.elementor-widget-spacer{width:var(--container-widget-width,var(--spacer-size));--align-self:var(--container-widget-align-self,initial);--flex-shrink:0}.e-con-inner>.elementor-widget-spacer>.elementor-widget-container,.e-con>.elementor-widget-spacer>.elementor-widget-container{height:100%;width:100%}.e-con-inner>.elementor-widget-spacer>.elementor-widget-container>.elementor-spacer,.e-con>.elementor-widget-spacer>.elementor-widget-container>.elementor-spacer{height:100%}.e-con-inner>.elementor-widget-spacer>.elementor-widget-container>.elementor-spacer>.elementor-spacer-inner,.e-con>.elementor-widget-spacer>.elementor-widget-container>.elementor-spacer>.elementor-spacer-inner{height:var(--container-widget-height,var(--spacer-size))}.e-con-inner>.elementor-widget-spacer.elementor-widget-empty,.e-con>.elementor-widget-spacer.elementor-widget-empty{position:relative;min-height:22px;min-width:22px}.e-con-inner>.elementor-widget-spacer.elementor-widget-empty .elementor-widget-empty-icon,.e-con>.elementor-widget-spacer.elementor-widget-empty .elementor-widget-empty-icon{position:absolute;top:0;bottom:0;left:0;right:0;margin:auto;padding:0;width:22px;height:22px}<\/style>\t\t<div class=\"elementor-spacer\">\n\t\t\t<div class=\"elementor-spacer-inner\"><\/div>\n\t\t<\/div>\n\t\t\t\t<\/div>\n\t\t\t\t<\/div>\n\t\t\t\t<div class=\"elementor-element elementor-element-595fb7b9 elementor-widget elementor-widget-text-editor\" data-id=\"595fb7b9\" data-element_type=\"widget\" data-widget_type=\"text-editor.default\">\n\t\t\t\t<div class=\"elementor-widget-container\">\n\t\t\t<style>\/*! elementor - v3.20.0 - 20-03-2024 *\/\n.elementor-widget-text-editor.elementor-drop-cap-view-stacked .elementor-drop-cap{background-color:#69727d;color:#fff}.elementor-widget-text-editor.elementor-drop-cap-view-framed .elementor-drop-cap{color:#69727d;border:3px solid;background-color:transparent}.elementor-widget-text-editor:not(.elementor-drop-cap-view-default) .elementor-drop-cap{margin-top:8px}.elementor-widget-text-editor:not(.elementor-drop-cap-view-default) .elementor-drop-cap-letter{width:1em;height:1em}.elementor-widget-text-editor .elementor-drop-cap{float:left;text-align:center;line-height:1;font-size:50px}.elementor-widget-text-editor .elementor-drop-cap-letter{display:inline-block}<\/style>\t\t\t\t<div>\n<p><b>Relaks Noclegi \u2013 komfortowe pokoje pracownicze w Cz\u0119stochowie<\/b><\/p>\n<p>Zapraszamy firmy, ekipy budowlane, kierowc\u00f3w oraz osoby pracuj\u0105ce w delegacji do skorzystania z wygodnych i tanich nocleg\u00f3w przy ul. Korfantego 12 w Cz\u0119stochowie. Nasz obiekt znajduje si\u0119 w strefie przemys\u0142owej, w bezpo\u015brednim s\u0105siedztwie du\u017cych firm i zak\u0142ad\u00f3w, co zapewnia \u0142atwy i szybki dojazd do miejsca pracy.<\/p>\n<p>Dysponujemy du\u017c\u0105 liczb\u0105 miejsc noclegowych, mo\u017cliwo\u015bci\u0105 zakwaterowania wi\u0119kszych grup oraz elastycznymi warunkami rezerwacji. Komfort, spok\u00f3j, parking oraz wszystkie niezb\u0119dne udogodnienia sprawiaj\u0105, \u017ce Relaks Noclegi to jedno z najcz\u0119\u015bciej wybieranych miejsc przez firmy dzia\u0142aj\u0105ce w regionie.<\/p>\n<p><b>Lokalizacja idealna dla firm<\/b><\/p>\n<p>Obiekt po\u0142o\u017cony jest w przemys\u0142owej cz\u0119\u015bci Cz\u0119stochowy (Kucelin), blisko m.in.:<br>\u2022 firm logistycznych i kurierskich,<br>\u2022 zak\u0142ad\u00f3w produkcyjnych,<br>\u2022 magazyn\u00f3w i centr\u00f3w dystrybucyjnych,<br>\u2022 Huty Cz\u0119stochowa,<br>\u2022 drogi DK1 \/ DK91,<br>\u2022 stadionu \u017cu\u017clowego W\u0142\u00f3kniarz (Arena Cz\u0119stochowa) \u2013 ok. 3 km.<\/p>\n<p>W odleg\u0142o\u015bci 50 metr\u00f3w znajduje si\u0119 przystanek MPK, co umo\u017cliwia szybki i wygodny dojazd do ka\u017cdej cz\u0119\u015bci miasta. Przy naszym obiekcie znajduje si\u0119 lokal kt\u00f3ry serwuje \u015bwie\u017ce autorskie kanapki z ciep\u0142a kaw\u0105, herbat\u0105, przek\u0105skami i napojami.<br>W pobli\u017cu dost\u0119pny jest r\u00f3wnie\u017c sklep spo\u017cywczy (ok. 300 m).<\/p>\n<p><b>Udogodnienia dla go\u015bci i firm<\/b><\/p>\n<p>du\u017cy parking monitorowany 24h (r\u00f3wnie\u017c dla bus\u00f3w i wi\u0119kszych pojazd\u00f3w)<br>spokojna i bezpieczna okolica<br>monitoring obiektu 24\/7<br>mo\u017cliwo\u015b\u0107 wystawienia faktur VAT<br>elastyczne warunki dla firm<br>mo\u017cliwo\u015b\u0107 d\u0142u\u017cszych pobyt\u00f3w w cenach miesi\u0119cznych<\/p>\n<p><b>Wyposa\u017cenie pokoi<\/b><\/p>\n<p>Ka\u017cdy pok\u00f3j wyposa\u017cony jest w:<br>\u2022 wygodne \u0142\u00f3\u017cko jednoosobowe,<br>\u2022 du\u017c\u0105 lod\u00f3wk\u0119,<br>\u2022 szaf\u0119 i rega\u0142y,<br>\u2022 st\u00f3\u0142 i krzes\u0142a,<br>\u2022 telewizor<br>\u2022 dost\u0119p do szybkiego internetu \u015bwiat\u0142owodowego Wi-Fi.<\/p>\n<p>Dost\u0119pne typy pokoi:<br>pokoje jednoosobowe<br>pokoje dwuosobowe<br>pokoje trzyosobowe<br>pokoje czteroosobowe<br>pokoje ekonomiczne (\u0142azienka wsp\u00f3lna)<\/p>\n<p>Wsp\u00f3lna kuchnia i zaplecze<\/p>\n<p>Do dyspozycji go\u015bci oddajemy funkcjonaln\u0105, w pe\u0142ni wyposa\u017con\u0105 kuchni\u0119, w kt\u00f3rej znajduj\u0105 si\u0119:<br>\u2022 kuchenki ceramiczne,<br>\u2022 mikrofale,<br>\u2022 czajniki.<\/p>\n<p>Dodatkowo:<br>\u2022 pralka dost\u0119pna dla go\u015bci (odp\u0142atnie),<br>\u2022 automaty z przek\u0105skami i napojami,<br>\u2022 miejsce do grillowania,<br>\u2022 wyznaczona strefa dla pal\u0105cych na zewn\u0105trz.<\/p>\n<p><span style=\"font-family: Arial;\">&nbsp;<\/span><\/p>\n<\/div>\n<div><span style=\"font-family: Arial;\">Cenny (brutto, z wszystkimi op\u0142atami i VAT 8%) &#8211; zadzwo\u0144 specjalne ceny dla FIRM !<\/span><\/div>\n<div>\n<ul class=\"v1MailOutline\">\n<li>70 z\u0142 brutto za jedn\u0105 dob\u0119 za jedn\u0105 osob\u0119<\/li>\n<li>1200 z\u0142 brutto za ca\u0142y 1 miesi\u0105c za jednego pracownika (oferta tylko dla firm)&nbsp;<b>tylko 38,70 z\u0142 za jedn\u0105 dob\u0119.<\/b><\/li>\n<li>1500 z\u0142 brutto za ca\u0142y miesi\u0105c od osoby prywatnej w pokoju 1 osobowym.<\/li>\n<\/ul>\n<p>Nie pobieramy kaucji \u2013 ani od firm, ani od os\u00f3b prywatnych.<\/p>\n<p>Kontakt \/ Rezerwacje<\/p>\n<p>Relaks Noclegi Cz\u0119stochowa<br>ul. Wojciecha Korfantego 12<br>Cz\u0119stochowa (Kucelin)<\/p>\n<p>34 375 15 62 \u2013 Recepcja 24h<\/p>\n<\/div>\n<div>+ 48 697 709 237 &#8211; od poniedzia\u0142ku do pi\u0105tku od 7:00 do 14:00 Biuro 2<\/div>\t\t\t\t\t\t<\/div>\n\t\t\t\t<\/div>\n\t\t\t\t<div class=\"elementor-element elementor-element-81b58a9 elementor-widget elementor-widget-image\" data-id=\"81b58a9\" data-element_type=\"widget\" data-widget_type=\"image.default\">\n\t\t\t\t<div class=\"elementor-widget-container\">\n\t\t\t<style>\/*! elementor - v3.20.0 - 20-03-2024 *\/\n.elementor-widget-image{text-align:center}.elementor-widget-image a{display:inline-block}.elementor-widget-image a img[src$=\".svg\"]{width:48px}.elementor-widget-image img{vertical-align:middle;display:inline-block}<\/style>\t\t\t\t\t\t\t\t\t\t<img fetchpriority=\"high\" decoding=\"async\" width=\"300\" height=\"300\" src=\"https:\/\/relaks-noclegi.pl\/wp-content\/uploads\/2024\/09\/459197776_8220733741295148_952241785421221233_n-300x300.jpg\" class=\"attachment-medium size-medium wp-image-467\" alt=\"\" srcset=\"https:\/\/relaks-noclegi.pl\/wp-content\/uploads\/2024\/09\/459197776_8220733741295148_952241785421221233_n-300x300.jpg 300w, https:\/\/relaks-noclegi.pl\/wp-content\/uploads\/2024\/09\/459197776_8220733741295148_952241785421221233_n-150x150.jpg 150w, https:\/\/relaks-noclegi.pl\/wp-content\/uploads\/2024\/09\/459197776_8220733741295148_952241785421221233_n-768x768.jpg 768w, https:\/\/relaks-noclegi.pl\/wp-content\/uploads\/2024\/09\/459197776_8220733741295148_952241785421221233_n.jpg 1000w\" sizes=\"(max-width: 300px) 100vw, 300px\" \/>\t\t\t\t\t\t\t\t\t\t\t\t\t<\/div>\n\t\t\t\t<\/div>\n\t\t\t\t<div class=\"elementor-element elementor-element-fbf5ca7 elementor-widget elementor-widget-text-editor\" data-id=\"fbf5ca7\" data-element_type=\"widget\" data-widget_type=\"text-editor.default\">\n\t\t\t\t<div class=\"elementor-widget-container\">\n\t\t\t\t\t\t\t<p><span class=\"x193iq5w xeuugli x13faqbe x1vvkbs x1xmvt09 x1lliihq x1s928wv xhkezso x1gmr53x x1cpjm7i x1fgarty x1943h6x xudqn12 x3x7a5m x6prxxf xvq8zen xo1l8bm xzsf02u\" dir=\"auto\">Zawsze du\u017ce, \u015bwie\u017ce i pyszne kanapki \ud83e\udd6a\ud83c\udf2f<br class=\"html-br\" \/>Hot dogi \ud83c\udf2d<br class=\"html-br\" \/>Przek\u0105ski\ud83c\udf5f\ud83c\udf54<br class=\"html-br\" \/>Napoje\u2615\ufe0f\ud83e\uddcb\ud83c\udf7b\ud83c\udf79<br class=\"html-br\" \/>Co\u015b s\u0142odkiego..\ud83c\udf69\ud83e\udd50<\/span><\/p>\t\t\t\t\t\t<\/div>\n\t\t\t\t<\/div>\n\t\t\t\t\t<\/div>\n\t\t<\/div>\n\t\t\t\t<div class=\"elementor-column elementor-col-50 elementor-top-column elementor-element elementor-element-42551699\" data-id=\"42551699\" data-element_type=\"column\" data-settings=\"{&quot;background_background&quot;:&quot;classic&quot;}\">\n\t\t\t<div class=\"elementor-widget-wrap elementor-element-populated\">\n\t\t\t\t\t\t<section class=\"elementor-section elementor-inner-section elementor-element elementor-element-2fc3f8e elementor-section-full_width elementor-section-height-default elementor-section-height-default\" data-id=\"2fc3f8e\" data-element_type=\"section\" data-settings=\"{&quot;background_background&quot;:&quot;classic&quot;}\">\n\t\t\t\t\t\t<div class=\"elementor-container elementor-column-gap-no\">\n\t\t\t\t\t<div class=\"elementor-column elementor-col-100 elementor-inner-column elementor-element elementor-element-a413d34\" data-id=\"a413d34\" data-element_type=\"column\">\n\t\t\t<div class=\"elementor-widget-wrap elementor-element-populated\">\n\t\t\t\t\t\t<div class=\"elementor-element elementor-element-524ad1b elementor-widget elementor-widget-image\" data-id=\"524ad1b\" data-element_type=\"widget\" data-widget_type=\"image.default\">\n\t\t\t\t<div class=\"elementor-widget-container\">\n\t\t\t\t\t\t\t\t\t\t\t\t\t<img decoding=\"async\" width=\"1024\" height=\"768\" src=\"https:\/\/relaks-noclegi.pl\/wp-content\/uploads\/2026\/01\/IMG_7621-1024x768.jpeg\" class=\"attachment-large size-large wp-image-508\" alt=\"\" srcset=\"https:\/\/relaks-noclegi.pl\/wp-content\/uploads\/2026\/01\/IMG_7621-1024x768.jpeg 1024w, https:\/\/relaks-noclegi.pl\/wp-content\/uploads\/2026\/01\/IMG_7621-300x225.jpeg 300w, https:\/\/relaks-noclegi.pl\/wp-content\/uploads\/2026\/01\/IMG_7621-768x576.jpeg 768w, https:\/\/relaks-noclegi.pl\/wp-content\/uploads\/2026\/01\/IMG_7621.jpeg 1280w\" sizes=\"(max-width: 1024px) 100vw, 1024px\" \/>\t\t\t\t\t\t\t\t\t\t\t\t\t<\/div>\n\t\t\t\t<\/div>\n\t\t\t\t\t<\/div>\n\t\t<\/div>\n\t\t\t\t\t<\/div>\n\t\t<\/section>\n\t\t\t\t<section class=\"elementor-section elementor-inner-section elementor-element elementor-element-5f088db elementor-section-full_width elementor-section-height-default elementor-section-height-default\" data-id=\"5f088db\" data-element_type=\"section\" data-settings=\"{&quot;background_background&quot;:&quot;classic&quot;}\">\n\t\t\t\t\t\t<div class=\"elementor-container elementor-column-gap-no\">\n\t\t\t\t\t<div class=\"elementor-column elementor-col-100 elementor-inner-column elementor-element elementor-element-878eaa1\" data-id=\"878eaa1\" data-element_type=\"column\">\n\t\t\t<div class=\"elementor-widget-wrap elementor-element-populated\">\n\t\t\t\t\t\t<div class=\"elementor-element elementor-element-245fd1f elementor-widget elementor-widget-image\" data-id=\"245fd1f\" data-element_type=\"widget\" data-widget_type=\"image.default\">\n\t\t\t\t<div class=\"elementor-widget-container\">\n\t\t\t\t\t\t\t\t\t\t\t\t\t<img decoding=\"async\" width=\"1024\" height=\"768\" src=\"https:\/\/relaks-noclegi.pl\/wp-content\/uploads\/2026\/01\/IMG_1574-1024x768.jpeg\" class=\"attachment-large size-large wp-image-504\" alt=\"\" srcset=\"https:\/\/relaks-noclegi.pl\/wp-content\/uploads\/2026\/01\/IMG_1574-1024x768.jpeg 1024w, https:\/\/relaks-noclegi.pl\/wp-content\/uploads\/2026\/01\/IMG_1574-300x225.jpeg 300w, https:\/\/relaks-noclegi.pl\/wp-content\/uploads\/2026\/01\/IMG_1574-768x576.jpeg 768w, https:\/\/relaks-noclegi.pl\/wp-content\/uploads\/2026\/01\/IMG_1574.jpeg 1280w\" sizes=\"(max-width: 1024px) 100vw, 1024px\" \/>\t\t\t\t\t\t\t\t\t\t\t\t\t<\/div>\n\t\t\t\t<\/div>\n\t\t\t\t\t<\/div>\n\t\t<\/div>\n\t\t\t\t\t<\/div>\n\t\t<\/section>\n\t\t\t\t<section class=\"elementor-section elementor-inner-section elementor-element elementor-element-f10d5b8 elementor-section-full_width elementor-section-height-default elementor-section-height-default\" data-id=\"f10d5b8\" data-element_type=\"section\" data-settings=\"{&quot;background_background&quot;:&quot;classic&quot;}\">\n\t\t\t\t\t\t<div class=\"elementor-container elementor-column-gap-no\">\n\t\t\t\t\t<div class=\"elementor-column elementor-col-100 elementor-inner-column elementor-element elementor-element-b7437fd\" data-id=\"b7437fd\" data-element_type=\"column\">\n\t\t\t<div class=\"elementor-widget-wrap elementor-element-populated\">\n\t\t\t\t\t\t<div class=\"elementor-element elementor-element-d87efd3 elementor-widget elementor-widget-image\" data-id=\"d87efd3\" data-element_type=\"widget\" data-widget_type=\"image.default\">\n\t\t\t\t<div class=\"elementor-widget-container\">\n\t\t\t\t\t\t\t\t\t\t\t\t\t<img loading=\"lazy\" decoding=\"async\" width=\"960\" height=\"585\" src=\"https:\/\/relaks-noclegi.pl\/wp-content\/uploads\/2024\/09\/459644391_122093860772534825_8768994305449648823_n.jpg\" class=\"attachment-large size-large wp-image-469\" alt=\"\" srcset=\"https:\/\/relaks-noclegi.pl\/wp-content\/uploads\/2024\/09\/459644391_122093860772534825_8768994305449648823_n.jpg 960w, https:\/\/relaks-noclegi.pl\/wp-content\/uploads\/2024\/09\/459644391_122093860772534825_8768994305449648823_n-300x183.jpg 300w, https:\/\/relaks-noclegi.pl\/wp-content\/uploads\/2024\/09\/459644391_122093860772534825_8768994305449648823_n-768x468.jpg 768w\" sizes=\"(max-width: 960px) 100vw, 960px\" \/>\t\t\t\t\t\t\t\t\t\t\t\t\t<\/div>\n\t\t\t\t<\/div>\n\t\t\t\t\t<\/div>\n\t\t<\/div>\n\t\t\t\t\t<\/div>\n\t\t<\/section>\n\t\t\t\t\t<\/div>\n\t\t<\/div>\n\t\t\t\t\t<\/div>\n\t\t<\/section>\n\t\t\t\t<\/div>\n\t\t","protected":false},"excerpt":{"rendered":"<p>SPECJALNA OFERTA DLA FIRM Relaks Noclegi \u2013 komfortowe pokoje pracownicze w Cz\u0119stochowie Zapraszamy firmy, ekipy budowlane, kierowc\u00f3w oraz osoby pracuj\u0105ce [&hellip;]<\/p>\n","protected":false},"author":1,"featured_media":0,"parent":0,"menu_order":0,"comment_status":"closed","ping_status":"closed","template":"","meta":{"site-sidebar-layout":"no-sidebar","site-content-layout":"","ast-site-content-layout":"full-width-container","site-content-style":"default","site-sidebar-style":"default","ast-global-header-display":"","ast-banner-title-visibility":"","ast-main-header-display":"","ast-hfb-above-header-display":"","ast-hfb-below-header-display":"","ast-hfb-mobile-header-display":"","site-post-title":"disabled","ast-breadcrumbs-content":"","ast-featured-img":"disabled","footer-sml-layout":"","theme-transparent-header-meta":"","adv-header-id-meta":"","stick-header-meta":"","header-above-stick-meta":"","header-main-stick-meta":"","header-below-stick-meta":"","astra-migrate-meta-layouts":"default","ast-page-background-enabled":"default","ast-page-background-meta":{"desktop":{"background-color":"var(--ast-global-color-4)","background-image":"","background-repeat":"repeat","background-position":"center center","background-size":"auto","background-attachment":"scroll","background-type":"","background-media":"","overlay-type":"","overlay-color":"","overlay-gradient":""},"tablet":{"background-color":"","background-image":"","background-repeat":"repeat","background-position":"center center","background-size":"auto","background-attachment":"scroll","background-type":"","background-media":"","overlay-type":"","overlay-color":"","overlay-gradient":""},"mobile":{"background-color":"","background-image":"","background-repeat":"repeat","background-position":"center center","background-size":"auto","background-attachment":"scroll","background-type":"","background-media":"","overlay-type":"","overlay-color":"","overlay-gradient":""}},"ast-content-background-meta":{"desktop":{"background-color":"var(--ast-global-color-5)","background-image":"","background-repeat":"repeat","background-position":"center center","background-size":"auto","background-attachment":"scroll","background-type":"","background-media":"","overlay-type":"","overlay-color":"","overlay-gradient":""},"tablet":{"background-color":"var(--ast-global-color-5)","background-image":"","background-repeat":"repeat","background-position":"center center","background-size":"auto","background-attachment":"scroll","background-type":"","background-media":"","overlay-type":"","overlay-color":"","overlay-gradient":""},"mobile":{"background-color":"var(--ast-global-color-5)","background-image":"","background-repeat":"repeat","background-position":"center center","background-size":"auto","background-attachment":"scroll","background-type":"","background-media":"","overlay-type":"","overlay-color":"","overlay-gradient":""}},"footnotes":""},"class_list":["post-14","page","type-page","status-publish","hentry"],"_links":{"self":[{"href":"https:\/\/relaks-noclegi.pl\/index.php?rest_route=\/wp\/v2\/pages\/14","targetHints":{"allow":["GET"]}}],"collection":[{"href":"https:\/\/relaks-noclegi.pl\/index.php?rest_route=\/wp\/v2\/pages"}],"about":[{"href":"https:\/\/relaks-noclegi.pl\/index.php?rest_route=\/wp\/v2\/types\/page"}],"author":[{"embeddable":true,"href":"https:\/\/relaks-noclegi.pl\/index.php?rest_route=\/wp\/v2\/users\/1"}],"replies":[{"embeddable":true,"href":"https:\/\/relaks-noclegi.pl\/index.php?rest_route=%2Fwp%2Fv2%2Fcomments&post=14"}],"version-history":[{"count":49,"href":"https:\/\/relaks-noclegi.pl\/index.php?rest_route=\/wp\/v2\/pages\/14\/revisions"}],"predecessor-version":[{"id":525,"href":"https:\/\/relaks-noclegi.pl\/index.php?rest_route=\/wp\/v2\/pages\/14\/revisions\/525"}],"wp:attachment":[{"href":"https:\/\/relaks-noclegi.pl\/index.php?rest_route=%2Fwp%2Fv2%2Fmedia&parent=14"}],"curies":[{"name":"wp","href":"https:\/\/api.w.org\/{rel}","templated":true}]}}